{"id":6152,"date":"2018-02-20T16:30:43","date_gmt":"2018-02-20T16:30:43","guid":{"rendered":"http:\/\/outofnowhere.asia\/?page_id=6152"},"modified":"2020-05-21T15:18:41","modified_gmt":"2020-05-21T15:18:41","slug":"outnowhere-spirit","status":"publish","type":"page","link":"https:\/\/outofnowhere.asia\/fr\/outnowhere-spirit\/","title":{"rendered":"Qui sommes-nous"},"content":{"rendered":"","protected":false},"excerpt":{"rendered":"","protected":false},"author":3,"featured_media":0,"parent":0,"menu_order":0,"comment_status":"closed","ping_status":"closed","template":"","meta":{"footnotes":""},"yoast_head":"<!-- This site is optimized with the Yoast SEO plugin v21.5 - https:\/\/yoast.com\/wordpress\/plugins\/seo\/ -->\n<title>Out Of NowHere - Qui sommes nous ?<\/title>\n<meta name=\"description\" content=\"Nos d\u00e9buts remontent \u00e0 l\u2019ann\u00e9e 2007, lorsque Fr\u00e9d\u00e9ric Roman-Hauduroy, ancien Attach\u00e9 \u00e0 l\u2019Ambassade de France \u00e0 Oulan-Bator (2001), M. Demedbal Zandraa et\" \/>\n<meta name=\"robots\" content=\"index, follow, max-snippet:-1, max-image-preview:large, max-video-preview:-1\" \/>\n<link rel=\"canonical\" href=\"https:\/\/outofnowhere.asia\/fr\/outnowhere-spirit\/\" \/>\n<meta property=\"og:locale\" content=\"en_US\" \/>\n<meta property=\"og:type\" content=\"article\" \/>\n<meta property=\"og:title\" content=\"Out Of NowHere - Qui sommes nous ?\" \/>\n<meta property=\"og:description\" content=\"Nos d\u00e9buts remontent \u00e0 l\u2019ann\u00e9e 2007, lorsque Fr\u00e9d\u00e9ric Roman-Hauduroy, ancien Attach\u00e9 \u00e0 l\u2019Ambassade de France \u00e0 Oulan-Bator (2001), M. Demedbal Zandraa et\" \/>\n<meta property=\"og:url\" content=\"https:\/\/outofnowhere.asia\/fr\/outnowhere-spirit\/\" \/>\n<meta property=\"og:site_name\" content=\"Out of NowHere FR\" \/>\n<meta property=\"article:modified_time\" content=\"2020-05-21T15:18:41+00:00\" \/>\n<meta property=\"og:image\" content=\"https:\/\/outofnowhere.asia\/fr\/wp-content\/uploads\/sites\/8\/2020\/05\/IMG_5381-400x300-1.jpg\" \/>\n\t<meta property=\"og:image:width\" content=\"400\" \/>\n\t<meta property=\"og:image:height\" content=\"300\" \/>\n\t<meta property=\"og:image:type\" content=\"image\/jpeg\" \/>\n<meta name=\"twitter:card\" content=\"summary_large_image\" \/>\n<meta name=\"twitter:title\" content=\"Out Of NowHere - Qui sommes nous ?\" \/>\n<meta name=\"twitter:description\" content=\"Nos d\u00e9buts remontent \u00e0 l\u2019ann\u00e9e 2007, lorsque Fr\u00e9d\u00e9ric Roman-Hauduroy, ancien Attach\u00e9 \u00e0 l\u2019Ambassade de France \u00e0 Oulan-Bator (2001), M. Demedbal Zandraa et\" \/>\n<meta name=\"twitter:image\" content=\"https:\/\/outofnowhere.asia\/fr\/wp-content\/uploads\/sites\/8\/2020\/05\/IMG_5381-400x300-1.jpg\" \/>\n<script type=\"application\/ld+json\" class=\"yoast-schema-graph\">{\"@context\":\"https:\/\/schema.org\",\"@graph\":[{\"@type\":\"WebPage\",\"@id\":\"https:\/\/outofnowhere.asia\/fr\/outnowhere-spirit\/\",\"url\":\"https:\/\/outofnowhere.asia\/fr\/outnowhere-spirit\/\",\"name\":\"Out Of NowHere - Qui sommes nous ?\",\"isPartOf\":{\"@id\":\"https:\/\/outofnowhere.asia\/fr\/#website\"},\"datePublished\":\"2018-02-20T16:30:43+00:00\",\"dateModified\":\"2020-05-21T15:18:41+00:00\",\"description\":\"Nos d\u00e9buts remontent \u00e0 l\u2019ann\u00e9e 2007, lorsque Fr\u00e9d\u00e9ric Roman-Hauduroy, ancien Attach\u00e9 \u00e0 l\u2019Ambassade de France \u00e0 Oulan-Bator (2001), M. Demedbal Zandraa et\",\"breadcrumb\":{\"@id\":\"https:\/\/outofnowhere.asia\/fr\/outnowhere-spirit\/#breadcrumb\"},\"inLanguage\":\"en-US\",\"potentialAction\":[{\"@type\":\"ReadAction\",\"target\":[\"https:\/\/outofnowhere.asia\/fr\/outnowhere-spirit\/\"]}]},{\"@type\":\"BreadcrumbList\",\"@id\":\"https:\/\/outofnowhere.asia\/fr\/outnowhere-spirit\/#breadcrumb\",\"itemListElement\":[{\"@type\":\"ListItem\",\"position\":1,\"name\":\"Home\",\"item\":\"https:\/\/outofnowhere.asia\/fr\/\"},{\"@type\":\"ListItem\",\"position\":2,\"name\":\"Qui sommes-nous\"}]},{\"@type\":\"WebSite\",\"@id\":\"https:\/\/outofnowhere.asia\/fr\/#website\",\"url\":\"https:\/\/outofnowhere.asia\/fr\/\",\"name\":\"Out of NowHere FR\",\"description\":\"Out of NowHere Ger Camps\",\"potentialAction\":[{\"@type\":\"SearchAction\",\"target\":{\"@type\":\"EntryPoint\",\"urlTemplate\":\"https:\/\/outofnowhere.asia\/fr\/?s={search_term_string}\"},\"query-input\":\"required name=search_term_string\"}],\"inLanguage\":\"en-US\"}]}<\/script>\n<!-- \/ Yoast SEO plugin. -->","yoast_head_json":{"title":"Out Of NowHere - Qui sommes nous ?","description":"Nos d\u00e9buts remontent \u00e0 l\u2019ann\u00e9e 2007, lorsque Fr\u00e9d\u00e9ric Roman-Hauduroy, ancien Attach\u00e9 \u00e0 l\u2019Ambassade de France \u00e0 Oulan-Bator (2001), M. Demedbal Zandraa et","robots":{"index":"index","follow":"follow","max-snippet":"max-snippet:-1","max-image-preview":"max-image-preview:large","max-video-preview":"max-video-preview:-1"},"canonical":"https:\/\/outofnowhere.asia\/fr\/outnowhere-spirit\/","og_locale":"en_US","og_type":"article","og_title":"Out Of NowHere - Qui sommes nous ?","og_description":"Nos d\u00e9buts remontent \u00e0 l\u2019ann\u00e9e 2007, lorsque Fr\u00e9d\u00e9ric Roman-Hauduroy, ancien Attach\u00e9 \u00e0 l\u2019Ambassade de France \u00e0 Oulan-Bator (2001), M. Demedbal Zandraa et","og_url":"https:\/\/outofnowhere.asia\/fr\/outnowhere-spirit\/","og_site_name":"Out of NowHere FR","article_modified_time":"2020-05-21T15:18:41+00:00","og_image":[{"width":400,"height":300,"url":"https:\/\/outofnowhere.asia\/fr\/wp-content\/uploads\/sites\/8\/2020\/05\/IMG_5381-400x300-1.jpg","type":"image\/jpeg"}],"twitter_card":"summary_large_image","twitter_title":"Out Of NowHere - Qui sommes nous ?","twitter_description":"Nos d\u00e9buts remontent \u00e0 l\u2019ann\u00e9e 2007, lorsque Fr\u00e9d\u00e9ric Roman-Hauduroy, ancien Attach\u00e9 \u00e0 l\u2019Ambassade de France \u00e0 Oulan-Bator (2001), M. Demedbal Zandraa et","twitter_image":"https:\/\/outofnowhere.asia\/fr\/wp-content\/uploads\/sites\/8\/2020\/05\/IMG_5381-400x300-1.jpg","schema":{"@context":"https:\/\/schema.org","@graph":[{"@type":"WebPage","@id":"https:\/\/outofnowhere.asia\/fr\/outnowhere-spirit\/","url":"https:\/\/outofnowhere.asia\/fr\/outnowhere-spirit\/","name":"Out Of NowHere - Qui sommes nous ?","isPartOf":{"@id":"https:\/\/outofnowhere.asia\/fr\/#website"},"datePublished":"2018-02-20T16:30:43+00:00","dateModified":"2020-05-21T15:18:41+00:00","description":"Nos d\u00e9buts remontent \u00e0 l\u2019ann\u00e9e 2007, lorsque Fr\u00e9d\u00e9ric Roman-Hauduroy, ancien Attach\u00e9 \u00e0 l\u2019Ambassade de France \u00e0 Oulan-Bator (2001), M. Demedbal Zandraa et","breadcrumb":{"@id":"https:\/\/outofnowhere.asia\/fr\/outnowhere-spirit\/#breadcrumb"},"inLanguage":"en-US","potentialAction":[{"@type":"ReadAction","target":["https:\/\/outofnowhere.asia\/fr\/outnowhere-spirit\/"]}]},{"@type":"BreadcrumbList","@id":"https:\/\/outofnowhere.asia\/fr\/outnowhere-spirit\/#breadcrumb","itemListElement":[{"@type":"ListItem","position":1,"name":"Home","item":"https:\/\/outofnowhere.asia\/fr\/"},{"@type":"ListItem","position":2,"name":"Qui sommes-nous"}]},{"@type":"WebSite","@id":"https:\/\/outofnowhere.asia\/fr\/#website","url":"https:\/\/outofnowhere.asia\/fr\/","name":"Out of NowHere FR","description":"Out of NowHere Ger Camps","potentialAction":[{"@type":"SearchAction","target":{"@type":"EntryPoint","urlTemplate":"https:\/\/outofnowhere.asia\/fr\/?s={search_term_string}"},"query-input":"required name=search_term_string"}],"inLanguage":"en-US"}]}},"_links":{"self":[{"href":"https:\/\/outofnowhere.asia\/fr\/wp-json\/wp\/v2\/pages\/6152"}],"collection":[{"href":"https:\/\/outofnowhere.asia\/fr\/wp-json\/wp\/v2\/pages"}],"about":[{"href":"https:\/\/outofnowhere.asia\/fr\/wp-json\/wp\/v2\/types\/page"}],"author":[{"embeddable":true,"href":"https:\/\/outofnowhere.asia\/fr\/wp-json\/wp\/v2\/users\/3"}],"replies":[{"embeddable":true,"href":"https:\/\/outofnowhere.asia\/fr\/wp-json\/wp\/v2\/comments?post=6152"}],"version-history":[{"count":4,"href":"https:\/\/outofnowhere.asia\/fr\/wp-json\/wp\/v2\/pages\/6152\/revisions"}],"predecessor-version":[{"id":7193,"href":"https:\/\/outofnowhere.asia\/fr\/wp-json\/wp\/v2\/pages\/6152\/revisions\/7193"}],"wp:attachment":[{"href":"https:\/\/outofnowhere.asia\/fr\/wp-json\/wp\/v2\/media?parent=6152"}],"curies":[{"name":"wp","href":"https:\/\/api.w.org\/{rel}","templated":true}]}}